{"id":2091,"date":"2019-06-03T08:44:48","date_gmt":"2019-06-03T08:44:48","guid":{"rendered":"https:\/\/bijelo-plavi.com\/wp\/?page_id=2091"},"modified":"2019-06-03T08:52:10","modified_gmt":"2019-06-03T08:52:10","slug":"18-19-2","status":"publish","type":"page","link":"https:\/\/bijelo-plavi.com\/wp\/18-19-2\/","title":{"rendered":"18-19"},"content":{"rendered":"\n<p>Statistika sezone 2018\/19:<\/p>\n\n\n\n<p><strong>Ukupno:<\/strong><br> 36 18 8 10 61:36 62<br><strong>kod ku\u0107e <\/strong><br> 18 10 4 4 34:18 34 <br><strong>u gostima <\/strong><br> 18 8 4 6 27:18 28 <br><strong>strijelci HNL <\/strong><br> Mari\u0107 18<br> Hajradinovi\u0107 7<br> Henty 4<br> Bo\u010dkaj 4<br> Boban 3<br> \u0160kori\u0107 3<br> Pilj 3 <br> Ejupi 2<br> \u017daper 2 <br> Pu\u0161i\u0107 2 <br> Lopa 2<br> Mudra\u017eija 1<br> Lon\u010dar 1<br> Guti 1<br> Kamenar 1<br> \u0160or\u0161a 1 <br> Grgi\u0107 1 <br> \u0160poljari\u0107 1 <br> Abazaj 1 <br> Kleinheisler 1 <br> Talys 1 <br><strong>strijelci Kup<\/strong><br> Dugand\u017ei\u0107 2 <br> Pervan 1<br> Kamenar 1 <br> \u0160trkalj 1<br> Boban 1 <br> Mari\u0107 1<br> Hajradinovi\u0107 1 <br> Pilj 1 <br> Bo\u010dkaj 1 <br> Henty 1 <br><strong>strijelci Europska liga <\/strong><br> Bari\u0161i\u0107  2<br> Mari\u0107 1 <br> Mudra\u017eija 1 <br><strong>posjeta ku\u0107i HNL<\/strong><br> ukupno: 45997; prosjek: 2555<br><strong>posjeta u gostima HNL<\/strong><br> ukupno: 43503; prosjek: 2416 <\/p>\n\n\n\n<p>Statistika i komentar iz <a href=\"http:\/\/www.glas-slavonije.hr\/401116\/6\/Turbulentno-proljece-na-kraju-je-ipak-zavrsilo-hepiendom\">Glasa Slavonije<\/a>:<\/p>\n\n\n\n<p> <strong>ASISTENTI<\/strong><\/p>\n\n\n\n<p>Osim \u0161to je bio najbolji klupski  strijelac, Mirko Mari\u0107 sezonu je zavr\u0161io i kao najbolji asistent u  redovima bijelo-plavih. Pripremio je suigra\u010dima osam pogodaka. U toj  kategoriji slijede ga Erik Jan\u017ea s pet, te Hajradinovi\u0107 i Grgi\u0107 sa po  \u010detiri asistencije. <\/p>\n\n\n\n<p><strong> GLEDATELJI<\/strong><\/p>\n\n\n\n<p>Gledanost nogometa\u0161a Osijeka ove  sezone zabilje\u017eila je ozbiljan pad u odnosu prema dvije prethodne kada  je ukupan broj gledatelja na njihovim utakmicama prema\u0161io 100.000. Ove  sezone bijelo-plave ukupno je gledalo 89.249 gledatelja, \u0161to je prosjek  od 2749 po utakmici. Od toga se na utakmice u Gradskom vrtu odnosi  45.606 ili 2534 prosje\u010dno po susretu. Na gostovanjima su brojke samo  neznatno lo\u0161ije. Osijek je kao gosta gledalo 43.645 gledatelja odnosno  2425 u prosjeku po utakmici. <\/p>\n\n\n\n<p><strong> NAJ, NAJ<\/strong><\/p>\n\n\n\n<p>Najve\u0107i niz bez poraza:  \u010detiri utakmice u dva navrata (od 9. do 12. kola te od 26. do 30. kola).<\/p>\n\n\n\n<p>Najve\u0107i niz bez pobjede: \npet utakmica (od 22. do 26. kola).<\/p>\n\n\n\n<p>Najuvjerljivija pobjeda: \n6:0 protiv Inter Zapre\u0161i\u0107a &#8211; 18. kolo.<\/p>\n\n\n\n<p>Najuvjerljiviji poraz: \n3:0 protiv Dinama &#8211; 22. kolo.<\/p>\n\n\n\n<p>Najve\u0107i posjet u Gradskom vrtu: 8127 (Dinamo &#8211; 13. kolo).<\/p>\n\n\n\n<p>Najve\u0107i posjet u gostima: \n8545 (Hajduk &#8211; 10. kolo).<\/p>\n\n\n\n<p>Najvi\u0161e puta zamijenjen: \nEzekiel Henty &#8211; 11 puta.<\/p>\n\n\n\n<p>Najvi\u0161e puta ulazili s klupe: Marin Pilj i Dmitro Lopa &#8211; po 12 puta. <\/p>\n\n\n\n<p> <strong>STATISTIKE<\/strong><\/p>\n\n\n\n<p>Osje\u010dani su sezonu zavr\u0161ili sa 62  osvojena boda od mogu\u0107ih 108, \u0161to \u010dini prosjek od 57 posto osvojenih  bodova. Bijelo-plavi su imali odre\u0111enih problema u Gradskom vrtu, gdje  su osvojili 34 boda od 54 mogu\u0107a, \u0161to je 62 posto bodova, \u0161to nije ba\u0161  bajno. \u0160to se gostovanja ti\u010de, tu je u\u010dinak pristojniji jer su uzeli 51  posto bodova koji su im bili na raspolaganju ili 28 od 54. \u0160to se  efikasnosti ti\u010de, Osijek je ove sezone zabio 61 pogodak (kod ku\u0107e 34, u  gostima 27). Bijelo-plavi su na polusezoni bili najefikasnija mom\u010dad  HNL-a, ali su to pokvarili ovog prolje\u0107a pa su zavr\u0161ili na prosjeku od  1,69 pogodaka po utakmici. To zna\u010di kako su pogodak zabijali svake 53  minute. Zanimljiva je statistika primljenih pogodaka jer su oni  raspodijeljeni ravnomjerno. Osijek je primio 36 golova (po 18 kod ku\u0107e i  na strani). Dakle, sve je jednostavno. Primali su u prosjeku jedan po  utakmici \u0161to bi trebalo zna\u010diti kako su te\u017eili nogometu za pogodak vi\u0161e. <\/p>\n\n\n\n<p> 36 nastupa, odnosno sve  odigrane utakmice imaju dva igra\u010da. Vratar Marko Malenica i centarfor Mirko Mari\u0107 <\/p>\n\n\n\n<p> 18 pogodaka zabio je ove sezone prvi strijelac Osijeka Mirko  Mari\u0107. Iza njega su se poredali Hajradinovi\u0107 sa sedam te Bo\u010dkaj i Henty  koji su postigli po \u010detiri pogotka  <\/p>\n\n\n\n<p> 10 \u017eutih kartona tijekom sezone dobio je Guti, a iza njega je  trojac Lon\u010dar, Pilj i Pu\u0161i\u0107, koji su javnu opomenu ugledali po devet puta <\/p>\n\n\n\n<p> 3 crvena kartona dobili su  bijelo-plavi u ovom prvenstvu. Ranije su zbog toga igru napu\u0161tali Erik Jan\u017ea, Muzafer Ejupi i Marin Pilj <\/p>\n\n\n\n<p><strong>KAKO SU IGRALI<\/strong><\/p>\n\n\n\n<p>MARKO MALENICA<\/p>\n\n\n\n<p>Osijekova &#8220;jedinica&#8221; bila  je pouzdana, \u0161to je za vratare najva\u017enije. U nekoliko je susreta Marko  spa\u0161avao bijelo-plave poraza, \u0161to je bila &#8220;dodana vrijednost&#8221;.<\/p>\n\n\n\n<p>ALEN GRGI\u0106 <br>(1 pogodak, 4 asistencije)<\/p>\n\n\n\n<p>Nije  se uspio do kraja nametnuti. U eri Zorana Zeki\u0107a bio je prvi izbor za  desnog beka, ali je dolaskom Dine Skendera na klupu i promjenom  formacije izgubio poziciju startera. Puno je oscilirao tijekom sezone.<\/p>\n\n\n\n<p>TOMISLAV \u0160OR\u0160A <br>(1 pogodak, 2 asistencije)<\/p>\n\n\n\n<p>Tijekom  sezone bio je unutra pa vani pa opet unutra. Zimus otpisan od Zeki\u0107a, a  tijekom prolje\u0107a o\u017eivio ga je Skender, a \u0160or\u0161a mu je povjerenje  uzvratio solidnim igrama.<\/p>\n\n\n\n<p>MILE \u0160KORI\u0106 <br>(3 pogotka)<\/p>\n\n\n\n<p>Odlaskom  Borne Bari\u0161i\u0107a u Rangerse preuzeo je kapetansku traku. U tom se svjetlu  i pona\u0161ao. Bio je pravi vo\u0111a u svakom obliku, vrlo su rijetke bile  utakmice u kojima nije bio me\u0111u tri najbolja Osijekova pojedinca. Na  kraju o tome kako je igrao najbolje govori poziv u reprezentaciju  Hrvatske.<\/p>\n\n\n\n<p>DANIJEL LON\u010cAR <br>(1 pogodak, 1 asistencija)<\/p>\n\n\n\n<p>Za prvu pravu prvoliga\u0161ku sezonu zaslu\u017euje prolaznu ocjenu. O\u010dekujemo njegov napredak.<\/p>\n\n\n\n<p>GUTIEREZ TOMELIN <br>(1 pogodak, 1 asistencija)<\/p>\n\n\n\n<p>Iako  se \u010desto znao na\u0107i na meti kritika zbog nekih kikseva, iskusni je  Brazilac jo\u0161 \u010de\u0161\u0107e bio faktor sigurnosti u Osijekovoj posljednjoj  liniji. Pokazao se kao dobra akvizicija pro\u0161log ljeta.<\/p>\n\n\n\n<p>LUKA MARIN <br>(1 asistencija)<\/p>\n\n\n\n<p>On  je bio dio kontingenta koji je Dino Skender povukao za sobom iz druge  mom\u010dadi. Odigrao je samo jednu utakmicu i na njoj je bio odli\u010dan.  Sigurni smo kako bi igrao vi\u0161e da mu se nije dogodila ozljeda u  zavr\u0161nici prvenstva.<\/p>\n\n\n\n<p>ERIK JAN\u017dA <br>(5 asistencija)<\/p>\n\n\n\n<p>Slovenac  je kod Zeki\u0107a bio solidan, a dolaskom Skendera pao je u drugi plan. S  obzirom na dva mla\u0111a ljevaka koje Osijek sada ima, njegova je budu\u0107nost u  bijelo-plavom dresu pod znakom pitanja.<\/p>\n\n\n\n<p>TALYS <br>(1 pogodak)<\/p>\n\n\n\n<p>Dio  mladog vala. Naigrao se pod Skenderom, a izvedbe su bile u skladu s  godinama &#8211; promjenjive. No potencijal nije upitan. I od njega se prvo  o\u010dekuje daljnji razvoj.<\/p>\n\n\n\n<p>DOMAGOJ PU\u0160I\u0106 <br>(2 pogotka, 1 asistencija)<\/p>\n\n\n\n<p>Pouzdan i dobar. Jedino je pitanje ho\u0107e li ostati u Gradskom vrtu jer mu je istekao ugovor.<\/p>\n\n\n\n<p>ROBERT MUDRA\u017dIJA <br>(1 pogodak, 3 asistencije)<\/p>\n\n\n\n<p>Jesenas je bio va\u017ena karika u igri, ali ga je izbacila ozljeda, a tijekom zimske stanke oti\u0161ao je u Kopenhagen.<\/p>\n\n\n\n<p>HARIS HAJRADINOVI\u0106 <br>(7 pogodaka, 4 asistencije)<\/p>\n\n\n\n<p>I on je odigrao samo jesenski dio prvenstva u kojemu je bio  nezamjenjiv. Koliko je bio va\u017ena karika govori i \u010dinjenica kako je ostao  drugi klupski strijelac, premda je odigrao samo pola sezone.<\/p>\n\n\n\n<p>KARLO KAMENAR <br>(1 pogodak, 2 asistencije)<\/p>\n\n\n\n<p>Od njega se o\u010dekivalo vi\u0161e, a on je, pak, o\u010dekivao vi\u0161e minuta na  terenu. Te\u0161ko je o njegovu u\u010dinku re\u0107i ne\u0161to konkretno jer nije puno  igrao.<\/p>\n\n\n\n<p>MARIJAN \u0106AVAR<\/p>\n\n\n\n<p>Ni on se nije do  kraja nametnuo kao posu\u0111en igra\u010d frankfurtskog Eintrachta. Jesenas je  dobivao prilike, ali nije odu\u0161evljavao igrama, a proljetos je pao u  drugi plan. Malo je vjerojatan njegov ostanak u Osijeku.<\/p>\n\n\n\n<p>DMITRO LOPA <br>(1 pogodak, 2 asistencije)<\/p>\n\n\n\n<p>Jo\u0161 jedna sezona koju je Ukrajinac proveo u hibernaciji. Trgnuo se u  zavr\u0161nici prvenstva, podsjetio je zbog \u010dega je u jednom trenutku bio  ljubimac navija\u010da. Ipak, nije bio standardan, a to je za njega &#8211; lo\u0161e.<\/p>\n\n\n\n<p>PETAR BO\u010cKAJ <br>(4 pogotka, 3 asistencije)<\/p>\n\n\n\n<p>Eh, Pero. Oko njega je uvijek nekakva &#8220;gungula&#8221;. Zabija pogotke koji  ostavljaju bez daha, ima talent koji se ne smije zanemariti, ali i  problemati\u010dnu crtu nesportskog \u017eivota koja ga je ove sezone skupo  ko\u0161tala. Ako se uspije kontrolirati i fokusira samo na teren &#8211; bit \u0107e  najve\u0107e poja\u010danje u novoj sezoni.<\/p>\n\n\n\n<p>LASZLO KLEINHEISLER (1 pogodak, 1 asistencija)<\/p>\n\n\n\n<p>Ma\u0111ar je ne\u0161to najbolje \u0161to se moglo dogoditi Osijeku. Za hrvatske  prilike, a i \u0161ire &#8211; igra\u010dina. \u0160teta \u0161to su ga administrativni i  zdravstveni problemi sprije\u010dili da vi\u0161e igra. Oko njega \u0107e se zidati  mom\u010dad za sljede\u0107u sezonu.<\/p>\n\n\n\n<p>MIHAEL \u017dAPER <br>(2 pogotka)<\/p>\n\n\n\n<p>On je najugodnije iznena\u0111enje Skenderove ere. U drugoj mom\u010dadi nije  ostavljao tako sna\u017ean dojam. No kada je zakora\u010dio na prvoliga\u0161ke  travnjake, odmah je pokazao koliki talent posjeduje. On bi se trebao  pretvoriti u jednog od oslonaca za budu\u0107nost.<\/p>\n\n\n\n<p>GABRIJEL BOBAN <br>(3 pogotka, 2 asistencije)<\/p>\n\n\n\n<p>Brojke mu nisu impresivne, ali zalaganje i \u017eelja nikada nisu bili  sporni. I njemu je istekao ugovor pa je pitanje ho\u0107emo li ga i dogodine  gledati u bijelo-plavom dresu.<\/p>\n\n\n\n<p>EZEKIEL HENTY <br>(4 pogotka, 1 asistencija) <\/p>\n\n\n\n<p>Nigerijac posjeduje stra\u0161an potencijal, ali i iste takve probleme sa  zdravljem koji su ga i u Osijeku sprije\u010dili da poka\u017ee sve \u0161to zna i  mo\u017ee. Istekla mu je posudba, a zbog zdravlja je malo vjerojatno kako \u0107e  se u Gradskom vrtu odlu\u010diti na otkup njegova ugovora. <\/p>\n\n\n\n<p> MIRKO MARI\u0106 <br>(18 pogodaka, 8 asistencija)<\/p>\n\n\n\n<p>Prvi klupski i drugi strijelac lige. I ne samo to, ve\u0107 pravi mom\u010dadski  igra\u010d. Brojke su mu impresivne. Po broju pogodaka u jednoj sezoni od  njega je bolji samo ostao Robert \u0160pehar. Golemi napredak u svim  segmentima i \u0161teta je \u0161to je za dlaku izgubio titulu prvog strijelca  lige. Me\u0111utim, &#8220;Mara&#8221; zaslu\u017euje samo jedno &#8211; duboki naklon.<\/p>\n\n\n\n<p>MUZAFER EJUPI <br>(2 pogotka, 1 asistencija)<\/p>\n\n\n\n<p>Ovog prolje\u0107a vratio se nakon jednogodi\u0161nje stanke zbog bolesti.  Podsjetio je kakav golgeterski gen ima, ali iza\u0161ao mu je ugovor, pa je  upitno ho\u0107e li ostati.<\/p>\n\n\n\n<p>MARIN PILJ <br>(3 pogotka, 2 asistencije)<\/p>\n\n\n\n<p>Osijekov &#8220;atomski mi\u0161&#8221; jedno je od otkri\u0107a ove sezone. Taj nikada ne  staje, &#8220;\u017eeljezna plu\u0107a&#8221; i beskompromisnost njegovi su glavni aduti. I  njemu je ovo bila prva prvoliga\u0161ka sezona. Dakle, prave stvari tek treba  po\u010deti isporu\u010divati, iako je i pokazano ove sezone bilo vrlo dobro.<\/p>\n\n\n\n<p>JOSIP \u0160POLJARI\u0106 <br>(1 pogodak)<\/p>\n\n\n\n<p>U Drugoj ligi zabavlja se suparni\u010dkim obranama, a u Prvoj se mu\u010dio.  Mo\u017eda previ\u0161e respekta prema eliti, ali trebalo bi mu dati mogu\u0107nost  igranja u kontinuitetu jer je \u010dovjek s pravim osje\u0107ajem za pogodak<\/p>\n\n\n\n<p>KRISTAL ABAZAJ <br>(1 pogodak)<\/p>\n\n\n\n<p>Zimus do\u0161ao na posudbu i nije se ustalio u mom\u010dad. Zna\u010di, sve je jasno, slijedi mu povratak u Anderlecht. <\/p>\n\n\n\n<p>U kadru su ove sezone jo\u0161 bili vratari Kr\u0161evan Santini, Ivica Ivu\u0161i\u0107, te  igra\u010di Borna Bari\u0161i\u0107 i Eros Grezda, koji su nakon ispadanja iz Europe  pre\u0161li u redove Rangersa, zatim Benedik Mio\u010d, koji je sezonu proveo na  posudbi u Puskas Akademiji, te Timo Stavitsky (zimus mu je prekinuta  posudba). <\/p>\n","protected":false},"excerpt":{"rendered":"<p>Statistika sezone 2018\/19: Ukupno: 36 18 8 10 61:36 62kod ku\u0107e 18 10 4 4 34:18 34 u gostima 18 [&hellip;]<\/p>\n","protected":false},"author":1,"featured_media":0,"parent":0,"menu_order":0,"comment_status":"closed","ping_status":"closed","template":"","meta":{"footnotes":""},"class_list":["post-2091","page","type-page","status-publish","hentry"],"yoast_head":"<!-- This site is optimized with the Yoast SEO plugin v27.1.1 - https:\/\/yoast.com\/product\/yoast-seo-wordpress\/ -->\n<title>18-19 - bijelo-plavi.com<\/title>\n<meta name=\"robots\" content=\"index, follow, max-snippet:-1, max-image-preview:large, max-video-preview:-1\" \/>\n<link rel=\"canonical\" href=\"https:\/\/bijelo-plavi.com\/wp\/18-19-2\/\" \/>\n<meta property=\"og:locale\" content=\"en_US\" \/>\n<meta property=\"og:type\" content=\"article\" \/>\n<meta property=\"og:title\" content=\"18-19 - bijelo-plavi.com\" \/>\n<meta property=\"og:description\" content=\"Statistika sezone 2018\/19: Ukupno: 36 18 8 10 61:36 62kod ku\u0107e 18 10 4 4 34:18 34 u gostima 18 [&hellip;]\" \/>\n<meta property=\"og:url\" content=\"https:\/\/bijelo-plavi.com\/wp\/18-19-2\/\" \/>\n<meta property=\"og:site_name\" content=\"bijelo-plavi.com\" \/>\n<meta property=\"article:publisher\" content=\"https:\/\/www.facebook.com\/bijelo-plavicom-39653481165\/\" \/>\n<meta property=\"article:modified_time\" content=\"2019-06-03T08:52:10+00:00\" \/>\n<meta name=\"twitter:card\" content=\"summary_large_image\" \/>\n<meta name=\"twitter:label1\" content=\"Est. reading time\" \/>\n\t<meta name=\"twitter:data1\" content=\"8 minutes\" \/>\n<script type=\"application\/ld+json\" class=\"yoast-schema-graph\">{\"@context\":\"https:\/\/schema.org\",\"@graph\":[{\"@type\":\"WebPage\",\"@id\":\"https:\/\/bijelo-plavi.com\/wp\/18-19-2\/\",\"url\":\"https:\/\/bijelo-plavi.com\/wp\/18-19-2\/\",\"name\":\"18-19 - bijelo-plavi.com\",\"isPartOf\":{\"@id\":\"https:\/\/bijelo-plavi.com\/wp\/#website\"},\"datePublished\":\"2019-06-03T08:44:48+00:00\",\"dateModified\":\"2019-06-03T08:52:10+00:00\",\"breadcrumb\":{\"@id\":\"https:\/\/bijelo-plavi.com\/wp\/18-19-2\/#breadcrumb\"},\"inLanguage\":\"en-US\",\"potentialAction\":[{\"@type\":\"ReadAction\",\"target\":[\"https:\/\/bijelo-plavi.com\/wp\/18-19-2\/\"]}]},{\"@type\":\"BreadcrumbList\",\"@id\":\"https:\/\/bijelo-plavi.com\/wp\/18-19-2\/#breadcrumb\",\"itemListElement\":[{\"@type\":\"ListItem\",\"position\":1,\"name\":\"Home\",\"item\":\"https:\/\/bijelo-plavi.com\/wp\/\"},{\"@type\":\"ListItem\",\"position\":2,\"name\":\"18-19\"}]},{\"@type\":\"WebSite\",\"@id\":\"https:\/\/bijelo-plavi.com\/wp\/#website\",\"url\":\"https:\/\/bijelo-plavi.com\/wp\/\",\"name\":\"bijelo-plavi.com\",\"description\":\"\",\"potentialAction\":[{\"@type\":\"SearchAction\",\"target\":{\"@type\":\"EntryPoint\",\"urlTemplate\":\"https:\/\/bijelo-plavi.com\/wp\/?s={search_term_string}\"},\"query-input\":{\"@type\":\"PropertyValueSpecification\",\"valueRequired\":true,\"valueName\":\"search_term_string\"}}],\"inLanguage\":\"en-US\"}]}<\/script>\n<!-- \/ Yoast SEO plugin. -->","yoast_head_json":{"title":"18-19 - bijelo-plavi.com","robots":{"index":"index","follow":"follow","max-snippet":"max-snippet:-1","max-image-preview":"max-image-preview:large","max-video-preview":"max-video-preview:-1"},"canonical":"https:\/\/bijelo-plavi.com\/wp\/18-19-2\/","og_locale":"en_US","og_type":"article","og_title":"18-19 - bijelo-plavi.com","og_description":"Statistika sezone 2018\/19: Ukupno: 36 18 8 10 61:36 62kod ku\u0107e 18 10 4 4 34:18 34 u gostima 18 [&hellip;]","og_url":"https:\/\/bijelo-plavi.com\/wp\/18-19-2\/","og_site_name":"bijelo-plavi.com","article_publisher":"https:\/\/www.facebook.com\/bijelo-plavicom-39653481165\/","article_modified_time":"2019-06-03T08:52:10+00:00","twitter_card":"summary_large_image","twitter_misc":{"Est. reading time":"8 minutes"},"schema":{"@context":"https:\/\/schema.org","@graph":[{"@type":"WebPage","@id":"https:\/\/bijelo-plavi.com\/wp\/18-19-2\/","url":"https:\/\/bijelo-plavi.com\/wp\/18-19-2\/","name":"18-19 - bijelo-plavi.com","isPartOf":{"@id":"https:\/\/bijelo-plavi.com\/wp\/#website"},"datePublished":"2019-06-03T08:44:48+00:00","dateModified":"2019-06-03T08:52:10+00:00","breadcrumb":{"@id":"https:\/\/bijelo-plavi.com\/wp\/18-19-2\/#breadcrumb"},"inLanguage":"en-US","potentialAction":[{"@type":"ReadAction","target":["https:\/\/bijelo-plavi.com\/wp\/18-19-2\/"]}]},{"@type":"BreadcrumbList","@id":"https:\/\/bijelo-plavi.com\/wp\/18-19-2\/#breadcrumb","itemListElement":[{"@type":"ListItem","position":1,"name":"Home","item":"https:\/\/bijelo-plavi.com\/wp\/"},{"@type":"ListItem","position":2,"name":"18-19"}]},{"@type":"WebSite","@id":"https:\/\/bijelo-plavi.com\/wp\/#website","url":"https:\/\/bijelo-plavi.com\/wp\/","name":"bijelo-plavi.com","description":"","potentialAction":[{"@type":"SearchAction","target":{"@type":"EntryPoint","urlTemplate":"https:\/\/bijelo-plavi.com\/wp\/?s={search_term_string}"},"query-input":{"@type":"PropertyValueSpecification","valueRequired":true,"valueName":"search_term_string"}}],"inLanguage":"en-US"}]}},"_links":{"self":[{"href":"https:\/\/bijelo-plavi.com\/wp\/wp-json\/wp\/v2\/pages\/2091","targetHints":{"allow":["GET"]}}],"collection":[{"href":"https:\/\/bijelo-plavi.com\/wp\/wp-json\/wp\/v2\/pages"}],"about":[{"href":"https:\/\/bijelo-plavi.com\/wp\/wp-json\/wp\/v2\/types\/page"}],"author":[{"embeddable":true,"href":"https:\/\/bijelo-plavi.com\/wp\/wp-json\/wp\/v2\/users\/1"}],"replies":[{"embeddable":true,"href":"https:\/\/bijelo-plavi.com\/wp\/wp-json\/wp\/v2\/comments?post=2091"}],"version-history":[{"count":2,"href":"https:\/\/bijelo-plavi.com\/wp\/wp-json\/wp\/v2\/pages\/2091\/revisions"}],"predecessor-version":[{"id":2094,"href":"https:\/\/bijelo-plavi.com\/wp\/wp-json\/wp\/v2\/pages\/2091\/revisions\/2094"}],"wp:attachment":[{"href":"https:\/\/bijelo-plavi.com\/wp\/wp-json\/wp\/v2\/media?parent=2091"}],"curies":[{"name":"wp","href":"https:\/\/api.w.org\/{rel}","templated":true}]}}