{"id":1507,"date":"2017-06-30T07:57:08","date_gmt":"2017-06-30T07:57:08","guid":{"rendered":"http:\/\/bijelo-plavi.com\/wp\/?page_id=1507"},"modified":"2019-03-06T08:49:07","modified_gmt":"2019-03-06T08:49:07","slug":"17-18","status":"publish","type":"page","link":"https:\/\/bijelo-plavi.com\/wp\/17-18\/","title":{"rendered":"17-18"},"content":{"rendered":"<p><strong>HNL<\/strong> (kolo &#8211; datum &#8211; protivnik &#8211; rezultat &#8211; osje\u010dki strijelci &#8211; broj gledatelja):<\/p>\n<p>1. kolo: 16.07.2017. OSIJEK &#8211; RUDE\u0160 1:1 Ejupi, 3125<br \/>\n2. kolo: 24.07.2017. ISTRA &#8211; OSIJEK 1:1 Bo\u010dkaj, 1700<br \/>\n3. kolo: 30.07.2017. OSIJEK &#8211; DINAMO 1:1 Grgi\u0107, 4391<br \/>\n4. kolo: 08.08.2017. OSIJEK &#8211; RIJEKA 1:0 Bari\u0161i\u0107 (11m.), 5155<br \/>\n5. kolo: 12.08.2017. LOKOMOTIVA &#8211; OSIJEK 2:3 Pu\u0161i\u0107, Pero\u0161evi\u0107 (11m.), Boban, 1000<br \/>\n6. kolo: 20.08.2017. OSIJEK &#8211; INTER 3:0, \u0160imunec, Ejupi, Dali\u0107(ag), 2357<br \/>\n7. kolo: 27.08.2017. CIBALIA &#8211; OSIJEK 2:1, Pero\u0161evi\u0107, 2180<br \/>\n8. kolo: 09.09.2017. OSIJEK &#8211; HAJDUK 2:1, Hajradinovi\u0107, Grezda, 8045<br \/>\n9. kolo: 16.09.2017. SLAVEN &#8211; OSIJEK 1:1, \u0160kori\u0107, 573<br \/>\n10.kolo: 25.09.2017. RUDE\u0160 &#8211; OSIJEK 1:1, Grgi\u0107, 300<br \/>\n11.kolo: 01.10.2017. OSIJEK &#8211; ISTRA 2:1, Hajradinovi\u0107 2, 3470<br \/>\n12.kolo: 14.10.2017. DINAMO &#8211; OSIJEK 1:1, Grezda, 5104<br \/>\n13.kolo: 22.10.2017. RIJEKA &#8211; OSIJEK 1:2, Grezda, Bo\u010dkaj, 3022<br \/>\n14.kolo: 28.10.2017. OSIJEK &#8211; LOKOMOTIVA 3:0, Luki\u0107, Mari\u0107, Hajradinovi\u0107, 3125<br \/>\n15.kolo: 03.11.2017. INTER &#8211; OSIJEK 3:1, Boban, 300<br \/>\n16.kolo: 18.11.2017. OSIJEK &#8211; CIBALIA 1:1, Mari\u0107, 2227<br \/>\n17.kolo: 25.11.2017. HAJDUK &#8211; OSIJEK 1:1, Grgi\u0107, 10076<br \/>\n18.kolo: 02.12.2017. OSIJEK &#8211; SLAVEN 2:0, Lopa, Grgi\u0107, 1456<br \/>\n19.kolo: 09.12.2017. OSIJEK &#8211; RUDE\u0160 3:0, Mio\u010d, Grezda, Bo\u010dkaj, 1025<br \/>\n20.kolo: 16.12.2017. ISTRA &#8211; OSIJEK 1:1, Mari\u0107, 663<br \/>\n21.kolo: 10.02.2018. OSIJEK &#8211; DINAMO 2:4 Grezda, Boban, 4235<br \/>\n22.kolo: 17.02.2018. OSIJEK &#8211; RIJEKA 2:1 Grgi\u0107, Hajradinovi\u0107 (11m), 3125<br \/>\n23.kolo: 03.04.2018. LOKOMOTIVA &#8211; OSIJEK 1:1, Milovi\u0107, 300<br \/>\n24.kolo: 14.03.2018. OSIJEK &#8211; INTER 1:1 Milovi\u0107, 1021<br \/>\n25.kolo: 11.03.2018. CIBALIA &#8211; OSIJEK 1:1 Hajradinovi\u0107 (11m), 1360<br \/>\n26.kolo: 18.03.2018. OSIJEK &#8211; HAJDUK 3:3 Mari\u0107, Lopa, Hajradinovi\u0107 (11m), 3850<br \/>\n27.kolo: 30.03.2018. OSIJEK &#8211; SLAVEN 3:0 Lopa, Mari\u0107 (11m), Musa (ag), 2125<br \/>\n28.kolo: 07.04.2018. RUDE\u0160 &#8211; OSIJEK 1:0, 352<br \/>\n29.kolo: 13.04.2018. OSIJEK &#8211; ISTRA 2:0, Hajradinovi\u0107, Boban, 1337<br \/>\n30.kolo: 18.04.2018. DINAMO &#8211; OSIJEK 0:1, Boban, 2451<br \/>\n31.kolo: 21.04.2018. RIJEKA &#8211; OSIJEK 1:0, 5101<br \/>\n32.kolo: 28.04.2018. OSIJEK &#8211; LOKOMOTIVA 0:1, 4452<br \/>\n33.kolo: 05.05.2018. INTER &#8211; OSIJEK 1:0, 300<br \/>\n34.kolo: 10.05.2018. OSIJEK &#8211; CIBALIA 3:1, Mari\u0107, Hajradinovi\u0107 (11m), Bo\u010dkaj 2856<br \/>\n35.kolo: 13.05.2018. HAJDUK &#8211; OSIJEK 1:1, Mari\u0107, 10495<br \/>\n36.kolo: 18.05.2018. SLAVEN &#8211; OSIJEK 2:1, Mudra\u017eija, 618<\/p>\n<p><strong>Kup<\/strong> (kolo &#8211; datum &#8211; protivnik &#8211; rezultat &#8211; osje\u010dki strijelci &#8211; broj gledatelja):<br \/>\n1\/16 finala: 20.09.2017.NEHAJ &#8211; OSIJEK 0:6, Luki\u0107, Mari\u0107 3, Grezda, Pu\u0161i\u0107, 500<br \/>\n1\/8 finala: 25.10.2017. ZADAR &#8211; OSIJEK Bo\u010dkaj, Grezda, Luki\u0107, Jambor, 1000<br \/>\n1\/4 finala: 29.11.2017. OSIJEK &#8211; HAJDUK 1:3, Mari\u0107, 4256<\/p>\n<p><strong>Europska liga<\/strong> (kolo &#8211; datum &#8211; protivnik &#8211; rezultat &#8211; osje\u010dki strijelci &#8211; broj gledatelja):<\/p>\n<p>1. pretkolo: 29.06.2017. UE SANTA COLOMA &#8211; OSIJEK 0:2 Mio\u010d, Luki\u0107, 700<br \/>\n1. pretkolo: 06.07.2017. OSIJEK &#8211; UE SANTA COLOMA 4:0 Ejupi, Bari\u0161i\u0107 11m., Bo\u010dkaj 2, 4589<br \/>\n2. pretkolo: 13.07.2017. OSIJEK &#8211; LUZERN 2:0 Ejupi, Grezda, 7452<br \/>\n2. pretkolo: 20.07.2017. LUZERN &#8211; OSIJEK 2:1 Ejupi, 8483<br \/>\n3. pretkolo: 27.07.2017. PSV &#8211; OSIJEK 0:1 Bari\u0161i\u0107 (11m.), 32000<br \/>\n3. pretkolo: 03.08.2017. OSIJEK &#8211; PSV 1:0 Bo\u010dkaj, 15000<br \/>\nplay-off: 17.08.2017. OSIJEK &#8211; AUSTRIA 1:2 Ejupi, 15000<br \/>\nplay-off: 24.08.2017. AUSTRIA &#8211; OSIJEK 0:1, Boban, 7400<\/p>\n","protected":false},"excerpt":{"rendered":"<p>HNL (kolo &#8211; datum &#8211; protivnik &#8211; rezultat &#8211; osje\u010dki strijelci &#8211; broj gledatelja): 1. kolo: 16.07.2017. OSIJEK &#8211; RUDE\u0160 [&hellip;]<\/p>\n","protected":false},"author":1,"featured_media":0,"parent":0,"menu_order":0,"comment_status":"closed","ping_status":"closed","template":"","meta":{"footnotes":""},"class_list":["post-1507","page","type-page","status-publish","hentry"],"yoast_head":"<!-- This site is optimized with the Yoast SEO plugin v27.1.1 - https:\/\/yoast.com\/product\/yoast-seo-wordpress\/ -->\n<title>17-18 - bijelo-plavi.com<\/title>\n<meta name=\"robots\" content=\"index, follow, max-snippet:-1, max-image-preview:large, max-video-preview:-1\" \/>\n<link rel=\"canonical\" href=\"https:\/\/bijelo-plavi.com\/wp\/17-18\/\" \/>\n<meta property=\"og:locale\" content=\"en_US\" \/>\n<meta property=\"og:type\" content=\"article\" \/>\n<meta property=\"og:title\" content=\"17-18 - bijelo-plavi.com\" \/>\n<meta property=\"og:description\" content=\"HNL (kolo &#8211; datum &#8211; protivnik &#8211; rezultat &#8211; osje\u010dki strijelci &#8211; broj gledatelja): 1. kolo: 16.07.2017. OSIJEK &#8211; RUDE\u0160 [&hellip;]\" \/>\n<meta property=\"og:url\" content=\"https:\/\/bijelo-plavi.com\/wp\/17-18\/\" \/>\n<meta property=\"og:site_name\" content=\"bijelo-plavi.com\" \/>\n<meta property=\"article:publisher\" content=\"https:\/\/www.facebook.com\/bijelo-plavicom-39653481165\/\" \/>\n<meta property=\"article:modified_time\" content=\"2019-03-06T08:49:07+00:00\" \/>\n<meta name=\"twitter:card\" content=\"summary_large_image\" \/>\n<meta name=\"twitter:label1\" content=\"Est. reading time\" \/>\n\t<meta name=\"twitter:data1\" content=\"2 minutes\" \/>\n<script type=\"application\/ld+json\" class=\"yoast-schema-graph\">{\"@context\":\"https:\/\/schema.org\",\"@graph\":[{\"@type\":\"WebPage\",\"@id\":\"https:\/\/bijelo-plavi.com\/wp\/17-18\/\",\"url\":\"https:\/\/bijelo-plavi.com\/wp\/17-18\/\",\"name\":\"17-18 - bijelo-plavi.com\",\"isPartOf\":{\"@id\":\"https:\/\/bijelo-plavi.com\/wp\/#website\"},\"datePublished\":\"2017-06-30T07:57:08+00:00\",\"dateModified\":\"2019-03-06T08:49:07+00:00\",\"breadcrumb\":{\"@id\":\"https:\/\/bijelo-plavi.com\/wp\/17-18\/#breadcrumb\"},\"inLanguage\":\"en-US\",\"potentialAction\":[{\"@type\":\"ReadAction\",\"target\":[\"https:\/\/bijelo-plavi.com\/wp\/17-18\/\"]}]},{\"@type\":\"BreadcrumbList\",\"@id\":\"https:\/\/bijelo-plavi.com\/wp\/17-18\/#breadcrumb\",\"itemListElement\":[{\"@type\":\"ListItem\",\"position\":1,\"name\":\"Home\",\"item\":\"https:\/\/bijelo-plavi.com\/wp\/\"},{\"@type\":\"ListItem\",\"position\":2,\"name\":\"17-18\"}]},{\"@type\":\"WebSite\",\"@id\":\"https:\/\/bijelo-plavi.com\/wp\/#website\",\"url\":\"https:\/\/bijelo-plavi.com\/wp\/\",\"name\":\"bijelo-plavi.com\",\"description\":\"\",\"potentialAction\":[{\"@type\":\"SearchAction\",\"target\":{\"@type\":\"EntryPoint\",\"urlTemplate\":\"https:\/\/bijelo-plavi.com\/wp\/?s={search_term_string}\"},\"query-input\":{\"@type\":\"PropertyValueSpecification\",\"valueRequired\":true,\"valueName\":\"search_term_string\"}}],\"inLanguage\":\"en-US\"}]}<\/script>\n<!-- \/ Yoast SEO plugin. -->","yoast_head_json":{"title":"17-18 - bijelo-plavi.com","robots":{"index":"index","follow":"follow","max-snippet":"max-snippet:-1","max-image-preview":"max-image-preview:large","max-video-preview":"max-video-preview:-1"},"canonical":"https:\/\/bijelo-plavi.com\/wp\/17-18\/","og_locale":"en_US","og_type":"article","og_title":"17-18 - bijelo-plavi.com","og_description":"HNL (kolo &#8211; datum &#8211; protivnik &#8211; rezultat &#8211; osje\u010dki strijelci &#8211; broj gledatelja): 1. kolo: 16.07.2017. OSIJEK &#8211; RUDE\u0160 [&hellip;]","og_url":"https:\/\/bijelo-plavi.com\/wp\/17-18\/","og_site_name":"bijelo-plavi.com","article_publisher":"https:\/\/www.facebook.com\/bijelo-plavicom-39653481165\/","article_modified_time":"2019-03-06T08:49:07+00:00","twitter_card":"summary_large_image","twitter_misc":{"Est. reading time":"2 minutes"},"schema":{"@context":"https:\/\/schema.org","@graph":[{"@type":"WebPage","@id":"https:\/\/bijelo-plavi.com\/wp\/17-18\/","url":"https:\/\/bijelo-plavi.com\/wp\/17-18\/","name":"17-18 - bijelo-plavi.com","isPartOf":{"@id":"https:\/\/bijelo-plavi.com\/wp\/#website"},"datePublished":"2017-06-30T07:57:08+00:00","dateModified":"2019-03-06T08:49:07+00:00","breadcrumb":{"@id":"https:\/\/bijelo-plavi.com\/wp\/17-18\/#breadcrumb"},"inLanguage":"en-US","potentialAction":[{"@type":"ReadAction","target":["https:\/\/bijelo-plavi.com\/wp\/17-18\/"]}]},{"@type":"BreadcrumbList","@id":"https:\/\/bijelo-plavi.com\/wp\/17-18\/#breadcrumb","itemListElement":[{"@type":"ListItem","position":1,"name":"Home","item":"https:\/\/bijelo-plavi.com\/wp\/"},{"@type":"ListItem","position":2,"name":"17-18"}]},{"@type":"WebSite","@id":"https:\/\/bijelo-plavi.com\/wp\/#website","url":"https:\/\/bijelo-plavi.com\/wp\/","name":"bijelo-plavi.com","description":"","potentialAction":[{"@type":"SearchAction","target":{"@type":"EntryPoint","urlTemplate":"https:\/\/bijelo-plavi.com\/wp\/?s={search_term_string}"},"query-input":{"@type":"PropertyValueSpecification","valueRequired":true,"valueName":"search_term_string"}}],"inLanguage":"en-US"}]}},"_links":{"self":[{"href":"https:\/\/bijelo-plavi.com\/wp\/wp-json\/wp\/v2\/pages\/1507","targetHints":{"allow":["GET"]}}],"collection":[{"href":"https:\/\/bijelo-plavi.com\/wp\/wp-json\/wp\/v2\/pages"}],"about":[{"href":"https:\/\/bijelo-plavi.com\/wp\/wp-json\/wp\/v2\/types\/page"}],"author":[{"embeddable":true,"href":"https:\/\/bijelo-plavi.com\/wp\/wp-json\/wp\/v2\/users\/1"}],"replies":[{"embeddable":true,"href":"https:\/\/bijelo-plavi.com\/wp\/wp-json\/wp\/v2\/comments?post=1507"}],"version-history":[{"count":49,"href":"https:\/\/bijelo-plavi.com\/wp\/wp-json\/wp\/v2\/pages\/1507\/revisions"}],"predecessor-version":[{"id":2000,"href":"https:\/\/bijelo-plavi.com\/wp\/wp-json\/wp\/v2\/pages\/1507\/revisions\/2000"}],"wp:attachment":[{"href":"https:\/\/bijelo-plavi.com\/wp\/wp-json\/wp\/v2\/media?parent=1507"}],"curies":[{"name":"wp","href":"https:\/\/api.w.org\/{rel}","templated":true}]}}